{"id":3735,"date":"2022-11-20T21:38:58","date_gmt":"2022-11-20T21:38:58","guid":{"rendered":"https:\/\/simonmainville.com\/?page_id=3735"},"modified":"2023-01-09T23:52:38","modified_gmt":"2023-01-09T23:52:38","slug":"nos-services","status":"publish","type":"page","link":"https:\/\/simonmainville.com\/en\/nos-services\/","title":{"rendered":"Our Services"},"content":{"rendered":"<div data-elementor-type=\"wp-page\" data-elementor-id=\"3735\" class=\"elementor elementor-3735\">\n\t\t\t\t\t\t<section class=\"elementor-section elementor-top-section elementor-element elementor-element-4679b330 elementor-section-full_width elementor-section-height-default elementor-section-height-default\" data-id=\"4679b330\" data-element_type=\"section\">\n\t\t\t\t\t\t<div class=\"elementor-container elementor-column-gap-no\">\n\t\t\t\t\t<div class=\"elementor-column elementor-col-50 elementor-top-column elementor-element elementor-element-5d365b54\" data-id=\"5d365b54\" data-element_type=\"column\">\n\t\t\t<div class=\"elementor-widget-wrap elementor-element-populated\">\n\t\t\t\t\t\t<div class=\"elementor-element elementor-element-830b934 elementor-widget__width-auto elementor-widget elementor-widget-heading\" data-id=\"830b934\" data-element_type=\"widget\" data-widget_type=\"heading.default\">\n\t\t\t\t<div class=\"elementor-widget-container\">\n\t\t\t\t\t<h1 class=\"elementor-heading-title elementor-size-default\">Our Services<\/h1>\t\t\t\t<\/div>\n\t\t\t\t<\/div>\n\t\t\t\t<div class=\"elementor-element elementor-element-7ca45bc7 elementor-widget elementor-widget-text-editor\" data-id=\"7ca45bc7\" data-element_type=\"widget\" data-widget_type=\"text-editor.default\">\n\t\t\t\t<div class=\"elementor-widget-container\">\n\t\t\t\t\t\t\t\t\t<p>Our family business, with over 30 years of transportation experience, serves Canada and the United States.<\/p>\t\t\t\t\t\t\t\t<\/div>\n\t\t\t\t<\/div>\n\t\t\t\t<div class=\"elementor-element elementor-element-7c603ed elementor-widget elementor-widget-text-editor\" data-id=\"7c603ed\" data-element_type=\"widget\" data-widget_type=\"text-editor.default\">\n\t\t\t\t<div class=\"elementor-widget-container\">\n\t\t\t\t\t\t\t\t\t<p>We will get your merchandise to their destination on time.<br \/>We will make every effort, no matter the type of transport.<br \/>Our professionalism is our trademark!<\/p>\t\t\t\t\t\t\t\t<\/div>\n\t\t\t\t<\/div>\n\t\t\t\t<div class=\"elementor-element elementor-element-39a49e2 elementor-widget elementor-widget-heading\" data-id=\"39a49e2\" data-element_type=\"widget\" data-widget_type=\"heading.default\">\n\t\t\t\t<div class=\"elementor-widget-container\">\n\t\t\t\t\t<h2 class=\"elementor-heading-title elementor-size-default\">Flatbed Transport<\/h2>\t\t\t\t<\/div>\n\t\t\t\t<\/div>\n\t\t\t\t\t<\/div>\n\t\t<\/div>\n\t\t\t\t<div class=\"elementor-column elementor-col-50 elementor-top-column elementor-element elementor-element-797d517\" data-id=\"797d517\" data-element_type=\"column\">\n\t\t\t<div class=\"elementor-widget-wrap elementor-element-populated\">\n\t\t\t\t\t\t<div class=\"elementor-element elementor-element-534e39a elementor-widget elementor-widget-image\" data-id=\"534e39a\" data-element_type=\"widget\" data-widget_type=\"image.default\">\n\t\t\t\t<div class=\"elementor-widget-container\">\n\t\t\t\t\t\t\t\t\t\t\t\t\t\t\t<img fetchpriority=\"high\" decoding=\"async\" width=\"1920\" height=\"1066\" src=\"https:\/\/simonmainville.com\/wp-content\/uploads\/transport-simon-mainville-camion-10.jpg\" class=\"attachment-full size-full wp-image-3805\" alt=\"Transport Simon Mainville\" srcset=\"https:\/\/simonmainville.com\/wp-content\/uploads\/transport-simon-mainville-camion-10.jpg 1920w, https:\/\/simonmainville.com\/wp-content\/uploads\/transport-simon-mainville-camion-10-300x167.jpg 300w, https:\/\/simonmainville.com\/wp-content\/uploads\/transport-simon-mainville-camion-10-1024x569.jpg 1024w, https:\/\/simonmainville.com\/wp-content\/uploads\/transport-simon-mainville-camion-10-768x426.jpg 768w, https:\/\/simonmainville.com\/wp-content\/uploads\/transport-simon-mainville-camion-10-1536x853.jpg 1536w\" sizes=\"(max-width: 1920px) 100vw, 1920px\" \/>\t\t\t\t\t\t\t\t\t\t\t\t\t\t\t<\/div>\n\t\t\t\t<\/div>\n\t\t\t\t\t<\/div>\n\t\t<\/div>\n\t\t\t\t\t<\/div>\n\t\t<\/section>\n\t\t\t\t<section class=\"elementor-section elementor-top-section elementor-element elementor-element-3dc0e2e elementor-section-full_width elementor-reverse-tablet elementor-reverse-mobile elementor-section-height-default elementor-section-height-default\" data-id=\"3dc0e2e\" data-element_type=\"section\">\n\t\t\t\t\t\t<div class=\"elementor-container elementor-column-gap-no\">\n\t\t\t\t\t<div class=\"elementor-column elementor-col-33 elementor-top-column elementor-element elementor-element-ca675a5\" data-id=\"ca675a5\" data-element_type=\"column\">\n\t\t\t<div class=\"elementor-widget-wrap elementor-element-populated\">\n\t\t\t\t\t\t<div class=\"elementor-element elementor-element-45b5aa0 elementor-widget elementor-widget-image\" data-id=\"45b5aa0\" data-element_type=\"widget\" data-widget_type=\"image.default\">\n\t\t\t\t<div class=\"elementor-widget-container\">\n\t\t\t\t\t\t\t\t\t\t\t\t\t\t\t<img decoding=\"async\" width=\"1920\" height=\"824\" src=\"https:\/\/simonmainville.com\/wp-content\/uploads\/transport-simon-mainville-camion-11.jpg\" class=\"attachment-full size-full wp-image-3898\" alt=\"\" srcset=\"https:\/\/simonmainville.com\/wp-content\/uploads\/transport-simon-mainville-camion-11.jpg 1920w, https:\/\/simonmainville.com\/wp-content\/uploads\/transport-simon-mainville-camion-11-300x129.jpg 300w, https:\/\/simonmainville.com\/wp-content\/uploads\/transport-simon-mainville-camion-11-1024x439.jpg 1024w, https:\/\/simonmainville.com\/wp-content\/uploads\/transport-simon-mainville-camion-11-768x330.jpg 768w, https:\/\/simonmainville.com\/wp-content\/uploads\/transport-simon-mainville-camion-11-1536x659.jpg 1536w\" sizes=\"(max-width: 1920px) 100vw, 1920px\" \/>\t\t\t\t\t\t\t\t\t\t\t\t\t\t\t<\/div>\n\t\t\t\t<\/div>\n\t\t\t\t\t<\/div>\n\t\t<\/div>\n\t\t\t\t<div class=\"elementor-column elementor-col-33 elementor-top-column elementor-element elementor-element-39e0a37\" data-id=\"39e0a37\" data-element_type=\"column\" data-settings=\"{&quot;background_background&quot;:&quot;classic&quot;}\">\n\t\t\t<div class=\"elementor-widget-wrap elementor-element-populated\">\n\t\t\t\t\t\t<div class=\"elementor-element elementor-element-6ff6ba8 elementor-hidden-mobile elementor-widget elementor-widget-heading\" data-id=\"6ff6ba8\" data-element_type=\"widget\" data-widget_type=\"heading.default\">\n\t\t\t\t<div class=\"elementor-widget-container\">\n\t\t\t\t\t<h2 class=\"elementor-heading-title elementor-size-default\">Dimensional Transport<\/h2>\t\t\t\t<\/div>\n\t\t\t\t<\/div>\n\t\t\t\t<div class=\"elementor-element elementor-element-7176126 elementor-widget elementor-widget-text-editor\" data-id=\"7176126\" data-element_type=\"widget\" data-widget_type=\"text-editor.default\">\n\t\t\t\t<div class=\"elementor-widget-container\">\n\t\t\t\t\t\t\t\t\t<p>Whether for more standard or non-standard transport, your merchandise are in good hands.<br \/>Call Us to get your quote!<\/p>\t\t\t\t\t\t\t\t<\/div>\n\t\t\t\t<\/div>\n\t\t\t\t<div class=\"elementor-element elementor-element-a1b0966 elementor-align-right elementor-mobile-align-center elementor-widget elementor-widget-xpro-button\" data-id=\"a1b0966\" data-element_type=\"widget\" data-widget_type=\"xpro-button.default\">\n\t\t\t\t<div class=\"elementor-widget-container\">\n\t\t\t\t\t\n<a  href=\"tel:4508489294\" class=\"xpro-elementor-button xpro-elementor-button-animation-none xpro-align-icon-left\">\n<span class=\"xpro-elementor-button-inner\">\n<span class=\"xpro-elementor-button-media\"><i aria-hidden=\"true\" class=\"fas fa-phone-alt\"><\/i><\/span>\n<span class=\"xpro-button-text\">450-848-9294<\/span>\n<\/span>\n<\/a>\n\t\t\t\t<\/div>\n\t\t\t\t<\/div>\n\t\t\t\t<div class=\"elementor-element elementor-element-0f41b59 elementor-hidden-desktop elementor-widget elementor-widget-heading\" data-id=\"0f41b59\" data-element_type=\"widget\" data-widget_type=\"heading.default\">\n\t\t\t\t<div class=\"elementor-widget-container\">\n\t\t\t\t\t<h2 class=\"elementor-heading-title elementor-size-default\">Dimensional Transport<\/h2>\t\t\t\t<\/div>\n\t\t\t\t<\/div>\n\t\t\t\t\t<\/div>\n\t\t<\/div>\n\t\t\t\t<div class=\"elementor-column elementor-col-33 elementor-top-column elementor-element elementor-element-e4f8e9a elementor-hidden-tablet\" data-id=\"e4f8e9a\" data-element_type=\"column\" data-settings=\"{&quot;background_background&quot;:&quot;classic&quot;}\">\n\t\t\t<div class=\"elementor-widget-wrap\">\n\t\t\t\t\t\t\t<\/div>\n\t\t<\/div>\n\t\t\t\t\t<\/div>\n\t\t<\/section>\n\t\t\t\t<\/div>","protected":false},"excerpt":{"rendered":"<p>Nos services Notre entreprise familiale, avec plus de 30 ans d&rsquo;exp\u00e9rience dans le transport, dessert le Canada et les \u00c9tats-Unis. Nous m\u00e8nerons vos marchandises \u00e0 bon port dans les d\u00e9lais requis.Nous mettrons tous les efforts, peu importe le type de transport.Notre professionnalisme est notre marque de commerce! Transport Flat Bed Transport dimensionnel Que ce soit [&hellip;]<\/p>","protected":false},"author":1,"featured_media":0,"parent":0,"menu_order":2,"comment_status":"closed","ping_status":"closed","template":"","meta":{"footnotes":""},"class_list":["post-3735","page","type-page","status-publish","hentry"],"_links":{"self":[{"href":"https:\/\/simonmainville.com\/en\/wp-json\/wp\/v2\/pages\/3735","targetHints":{"allow":["GET"]}}],"collection":[{"href":"https:\/\/simonmainville.com\/en\/wp-json\/wp\/v2\/pages"}],"about":[{"href":"https:\/\/simonmainville.com\/en\/wp-json\/wp\/v2\/types\/page"}],"author":[{"embeddable":true,"href":"https:\/\/simonmainville.com\/en\/wp-json\/wp\/v2\/users\/1"}],"replies":[{"embeddable":true,"href":"https:\/\/simonmainville.com\/en\/wp-json\/wp\/v2\/comments?post=3735"}],"version-history":[{"count":0,"href":"https:\/\/simonmainville.com\/en\/wp-json\/wp\/v2\/pages\/3735\/revisions"}],"wp:attachment":[{"href":"https:\/\/simonmainville.com\/en\/wp-json\/wp\/v2\/media?parent=3735"}],"curies":[{"name":"wp","href":"https:\/\/api.w.org\/{rel}","templated":true}]}}